{"id":5,"date":"2010-01-22T11:49:48","date_gmt":"2010-01-22T10:49:48","guid":{"rendered":"http:\/\/apodocinv.zeus.umh.es\/?page_id=5"},"modified":"2026-03-11T08:50:43","modified_gmt":"2026-03-11T07:50:43","slug":"normativa","status":"publish","type":"page","link":"https:\/\/sipt.umh.es\/en\/normativa\/","title":{"rendered":"Normativa"},"content":{"rendered":"<p><\/p>\n<p><code> <\/code><br \/>\nLa legislaci\u00f3n vigente y los Acuerdos del Consejo de Gobierno respecto a la asignaci\u00f3n de personal de apoyo a la docencia e investigaci\u00f3n, regular\u00e1n el Servicio T\u00e9cnico de Apoyo a la Docencia e Investigaci\u00f3n.<\/p>\n<p><\/p>","protected":false},"excerpt":{"rendered":"<p>La legislaci\u00f3n vigente y los Acuerdos del Consejo de Gobierno respecto a la asignaci\u00f3n de personal de apoyo a la docencia e investigaci\u00f3n, regular\u00e1n el Servicio T\u00e9cnico de Apoyo a la Docencia e Investigaci\u00f3n.<\/p>\n","protected":false},"author":1159,"featured_media":0,"parent":0,"menu_order":38,"comment_status":"closed","ping_status":"closed","template":"","meta":{"_links_to":"","_links_to_target":""},"_links":{"self":[{"href":"https:\/\/sipt.umh.es\/en\/wp-json\/wp\/v2\/pages\/5"}],"collection":[{"href":"https:\/\/sipt.umh.es\/en\/wp-json\/wp\/v2\/pages"}],"about":[{"href":"https:\/\/sipt.umh.es\/en\/wp-json\/wp\/v2\/types\/page"}],"author":[{"embeddable":true,"href":"https:\/\/sipt.umh.es\/en\/wp-json\/wp\/v2\/users\/1159"}],"replies":[{"embeddable":true,"href":"https:\/\/sipt.umh.es\/en\/wp-json\/wp\/v2\/comments?post=5"}],"version-history":[{"count":0,"href":"https:\/\/sipt.umh.es\/en\/wp-json\/wp\/v2\/pages\/5\/revisions"}],"wp:attachment":[{"href":"https:\/\/sipt.umh.es\/en\/wp-json\/wp\/v2\/media?parent=5"}],"curies":[{"name":"wp","href":"https:\/\/api.w.org\/{rel}","templated":true}]}}