{"id":4,"date":"2010-01-22T11:48:35","date_gmt":"2010-01-22T10:48:35","guid":{"rendered":"http:\/\/apodocinv.zeus.umh.es\/?page_id=4"},"modified":"2022-04-27T10:43:38","modified_gmt":"2022-04-27T08:43:38","slug":"derechos-y-deberes","status":"publish","type":"page","link":"https:\/\/sipt.umh.es\/en\/presentacion\/derechos-y-deberes\/","title":{"rendered":"Derechos y Obligaciones"},"content":{"rendered":"<p><span style=\"color: #ff6600\"><strong><em>Derechos<\/em><\/strong><\/span><\/p>\n<p>1. Utilizar las instalaciones y servicios universitarios con arreglo a las normas que regulen su funcionamiento (Art 70.h. del Decreto 208\/2004 de 8 de octubre por el que se aprueban los Estatutos de la Universidad Miguel Hern\u00e1ndez de Elche)<\/p>\n<p>2. A ser tratado con respeto y deferencia (Art.35 de la ley 30\/92 de 26 de noviembre de r\u00e9gimen jur\u00eddico de las administraciones p\u00fablicas y del Procedimiento administrativo com\u00fan.)<\/p>\n<p>3. Las personas usuarias del Servicio T\u00e9cnico de Apoyo a la Docencia e Investigaci\u00f3n tienen reconocido su derecho a formular sugerencias y quejas sobre el funcionamiento de los servicios prestados. Pueden realizarlas a trav\u00e9s del Buz\u00f3n de Sugerencias, habilitado a tal efecto.<\/p>\n<p>4. Cumplimiento de las medidas de prevenci\u00f3n que en cada caso sean adoptadas. (Art.29 de la ley de prevenci\u00f3n de riesgos laborales.)<\/p>\n<p>5. Uso adecuado de acuerdo con su naturaleza y los riesgos previsibles de las m\u00e1quinas, aparatos, herramientas, sustancias peligrosas, equipos de transporte y, en general, cualquier otro medio para el desarrollo de su actividad. (Art.29 de la Ley de Prevenci\u00f3n de Riesgos Laborales.)<\/p>\n<p><span style=\"color: #ff6600\"><strong>Obligaciones de los usuarios<\/strong><\/span><\/p>\n<p>1. El respeto a la intimidad, dignidad en el trabajo y a la no discriminaci\u00f3n. (Art. 14 del Estatuto del Empleado P\u00fablico aprobado por ley 7\/2007 de 12 de abril)<\/p>\n<p>2. Respetar el patrimonio de la Universidad, as\u00ed como hacer un uso correcto de sus instalaciones, bienes y recursos. (Art 69.d. del Decreto 208\/2004 de 8 de octubre por el que se aprueban los Estatutos de la Universidad Miguel Hern\u00e1ndez de Elche)<\/p>\n<p>3. Cumplir las medidas de prevenci\u00f3n que en cada caso sean adoptadas (Art.29 de la ley de prevenci\u00f3n de riesgos laborales)<\/p>\n<p>4. Uso adecuado de acuerdo con su naturaleza y los riesgos previsibles de las m\u00e1quinas, aparatos, herramientas, sustancias peligrosas, equipos de transporte y, en general, cualquier otro medio para el desarrollo de su actividad. (Art.29 de la Ley de Prevenci\u00f3n de Riesgos Laborales)<\/p>","protected":false},"excerpt":{"rendered":"<p>Derechos<br \/>\n1. Utilizar las instalaciones y servicios universitarios con arreglo a las normas que regulen su funcionamiento (Art 70.h. del Decreto 208\/2004 de 8 de octubre por el que se aprueban los Estatutos de la Universidad Miguel Hern\u00e1ndez de Elche)<br \/>\n2. A ser tratado con respeto y deferencia (Art.35 de la ley 30\/92 de 26 de noviembre [&#8230;]<\/p>\n","protected":false},"author":1159,"featured_media":0,"parent":3345,"menu_order":40,"comment_status":"closed","ping_status":"closed","template":"","meta":{"_links_to":"","_links_to_target":""},"_links":{"self":[{"href":"https:\/\/sipt.umh.es\/en\/wp-json\/wp\/v2\/pages\/4"}],"collection":[{"href":"https:\/\/sipt.umh.es\/en\/wp-json\/wp\/v2\/pages"}],"about":[{"href":"https:\/\/sipt.umh.es\/en\/wp-json\/wp\/v2\/types\/page"}],"author":[{"embeddable":true,"href":"https:\/\/sipt.umh.es\/en\/wp-json\/wp\/v2\/users\/1159"}],"replies":[{"embeddable":true,"href":"https:\/\/sipt.umh.es\/en\/wp-json\/wp\/v2\/comments?post=4"}],"version-history":[{"count":0,"href":"https:\/\/sipt.umh.es\/en\/wp-json\/wp\/v2\/pages\/4\/revisions"}],"up":[{"embeddable":true,"href":"https:\/\/sipt.umh.es\/en\/wp-json\/wp\/v2\/pages\/3345"}],"wp:attachment":[{"href":"https:\/\/sipt.umh.es\/en\/wp-json\/wp\/v2\/media?parent=4"}],"curies":[{"name":"wp","href":"https:\/\/api.w.org\/{rel}","templated":true}]}}