{"id":1083,"date":"2012-06-08T08:23:29","date_gmt":"2012-06-08T08:23:29","guid":{"rendered":"http:\/\/si.umh.es\/servicios\/correo-y-colaboracion-electronica\/"},"modified":"2022-10-26T12:21:43","modified_gmt":"2022-10-26T10:21:43","slug":"correo-y-colaboracion-electronica","status":"publish","type":"page","link":"https:\/\/sipt.umh.es\/en\/servicios\/correo-y-colaboracion-electronica\/","title":{"rendered":"<span lang=\"es\">(Espa\u00f1ol) Correo y colaboraci\u00f3n electr\u00f3nica<\/span>"},"content":{"rendered":"<p class=\"qtranxs-available-languages-message qtranxs-available-languages-message-en\">Sorry, this entry is only available in <a href=\"https:\/\/sipt.umh.es\/es\/wp-json\/wp\/v2\/pages\/1083\" class=\"qtranxs-available-language-link qtranxs-available-language-link-es\" title=\"Espa\u00f1ol\">European Spanish<\/a>.<\/p>","protected":false},"excerpt":{"rendered":"<p>Sorry, this entry is only available in European Spanish.<\/p>\n","protected":false},"author":1159,"featured_media":0,"parent":3348,"menu_order":30,"comment_status":"closed","ping_status":"open","template":"","meta":{"_links_to":"","_links_to_target":""},"_links":{"self":[{"href":"https:\/\/sipt.umh.es\/en\/wp-json\/wp\/v2\/pages\/1083"}],"collection":[{"href":"https:\/\/sipt.umh.es\/en\/wp-json\/wp\/v2\/pages"}],"about":[{"href":"https:\/\/sipt.umh.es\/en\/wp-json\/wp\/v2\/types\/page"}],"author":[{"embeddable":true,"href":"https:\/\/sipt.umh.es\/en\/wp-json\/wp\/v2\/users\/1159"}],"replies":[{"embeddable":true,"href":"https:\/\/sipt.umh.es\/en\/wp-json\/wp\/v2\/comments?post=1083"}],"version-history":[{"count":0,"href":"https:\/\/sipt.umh.es\/en\/wp-json\/wp\/v2\/pages\/1083\/revisions"}],"up":[{"embeddable":true,"href":"https:\/\/sipt.umh.es\/en\/wp-json\/wp\/v2\/pages\/3348"}],"wp:attachment":[{"href":"https:\/\/sipt.umh.es\/en\/wp-json\/wp\/v2\/media?parent=1083"}],"curies":[{"name":"wp","href":"https:\/\/api.w.org\/{rel}","templated":true}]}}