{"id":4187,"date":"2020-12-16T08:09:17","date_gmt":"2020-12-16T07:09:17","guid":{"rendered":"https:\/\/sipt.umh.es\/?page_id=4187"},"modified":"2020-12-16T08:39:22","modified_gmt":"2020-12-16T07:39:22","slug":"gestion-academica","status":"publish","type":"page","link":"https:\/\/sipt.umh.es\/ca\/servicios\/soporte-tic-a-la-gestion\/gestion-academica\/","title":{"rendered":"<span lang=\"es\">(Espa\u00f1ol) Gesti\u00f3n acad\u00e9mica<\/span>"},"content":{"rendered":"<p class=\"qtranxs-available-languages-message qtranxs-available-languages-message-ca\">Ho sentim, aquesta entrada es troba disponible \u00fanicament en <a href=\"https:\/\/sipt.umh.es\/es\/wp-json\/wp\/v2\/pages\/4187\" class=\"qtranxs-available-language-link qtranxs-available-language-link-es\" title=\"Espa\u00f1ol\">Espanyol Europeu<\/a>.<\/p>","protected":false},"excerpt":{"rendered":"<p>Ho sentim, aquesta entrada es troba disponible \u00fanicament en Espanyol Europeu.<\/p>\n","protected":false},"author":3,"featured_media":0,"parent":4185,"menu_order":10,"comment_status":"closed","ping_status":"closed","template":"","meta":{"_links_to":"","_links_to_target":""},"_links":{"self":[{"href":"https:\/\/sipt.umh.es\/ca\/wp-json\/wp\/v2\/pages\/4187"}],"collection":[{"href":"https:\/\/sipt.umh.es\/ca\/wp-json\/wp\/v2\/pages"}],"about":[{"href":"https:\/\/sipt.umh.es\/ca\/wp-json\/wp\/v2\/types\/page"}],"author":[{"embeddable":true,"href":"https:\/\/sipt.umh.es\/ca\/wp-json\/wp\/v2\/users\/3"}],"replies":[{"embeddable":true,"href":"https:\/\/sipt.umh.es\/ca\/wp-json\/wp\/v2\/comments?post=4187"}],"version-history":[{"count":0,"href":"https:\/\/sipt.umh.es\/ca\/wp-json\/wp\/v2\/pages\/4187\/revisions"}],"up":[{"embeddable":true,"href":"https:\/\/sipt.umh.es\/ca\/wp-json\/wp\/v2\/pages\/4185"}],"wp:attachment":[{"href":"https:\/\/sipt.umh.es\/ca\/wp-json\/wp\/v2\/media?parent=4187"}],"curies":[{"name":"wp","href":"https:\/\/api.w.org\/{rel}","templated":true}]}}