{"id":3345,"date":"2008-04-23T10:34:25","date_gmt":"2008-04-23T08:34:25","guid":{"rendered":"http:\/\/si.zeus.umh.es\/presentacion\/"},"modified":"2025-01-17T12:18:29","modified_gmt":"2025-01-17T11:18:29","slug":"presentacion","status":"publish","type":"page","link":"https:\/\/sipt.umh.es\/ca\/presentacion\/","title":{"rendered":"Presentaci\u00f3n"},"content":{"rendered":"<p>El\u00a0<b>Servei d&#8217;Innovaci\u00f3 i Planificaci\u00f3 Tecnol\u00f2gica (SIPT)<\/b>, d&#8217;acord amb l&#8217;equip de govern de la Universitat Miguel Hern\u00e1ndez d&#8217;Elx, t\u00e9 com a objectiu fonamental satisfer les necessitats que t\u00e9 la comunitat universit\u00e0ria en els \u00e0mbits d&#8217;innovaci\u00f3, doc\u00e8ncia, investigaci\u00f3 i tractament i gesti\u00f3 de la informaci\u00f3.<\/p>\n<p>Aix\u00ed mateix, s&#8217;encarrega de secundar t\u00e8cnicament les convocat\u00f2ries de projectes d&#8217;innovaci\u00f3 docent, aportar solucions i oferir el servei en q\u00fcesti\u00f3 de noves tecnologies emergents en doc\u00e8ncia, investigaci\u00f3 i gesti\u00f3, promoci\u00f3 d&#8217;est\u00e0ndards oberts en programari i maquinari lliure, manteniment de diversos serveis docents aplicats a est\u00e0ndards oberts (DSPACE,\u00a0edX)\u00a0o propietaris (iTunes,\u00a0GSuite, Office 365) i oferir serveis aprovats en el cat\u00e0leg de serveis del Servei d&#8217;Innovaci\u00f3 i Planificaci\u00f3 Tecnol\u00f2gica.<\/p>\n<p>A m\u00e9s, \u00e9s funci\u00f3 d&#8217;aquest servei l&#8217;administraci\u00f3, juntament amb el Servei de Comunicaci\u00f3, del canal institucional Youtube, pel que fa a l&#8217;edici\u00f3, publicaci\u00f3 de v\u00eddeos i gesti\u00f3 integral d&#8217;aquest canal. A m\u00e9s, el SIPT tamb\u00e9 assumeix les funcions de maquetaci\u00f3 de textos a format electr\u00f2nic i gesti\u00f3 de les diferents plataformes digitals per a l&#8217;Editorial UMH.<\/p>\n<p>Una de les responsabilitats que t\u00e9 tamb\u00e9 el SIPT \u00e9s el manteniment i l\u2019evoluci\u00f3 de l&#8217;aplicaci\u00f3 m\u00f2bil institucional UMH App, tant en la seua versi\u00f3 iOS com Android, aplicaci\u00f3 que s&#8217;ha convertit en un referent per a la comunitat universit\u00e0ria i que es troba en continu creixement, incloent en cada versi\u00f3 noves funcionalitats per a tots els col\u00b7lectius de la UMH.<\/p>\n<p>Aquest servei tamb\u00e9 s&#8217;encarrega del desenvolupament i el manteniment de tots els aplicatius referents al tractament i gesti\u00f3 de la informaci\u00f3 en l\u2019\u00e0mbit acad\u00e8mic, econ\u00f2mic, administratiu i d&#8217;investigaci\u00f3, aix\u00ed com del campus virtual mateix basat en Moodle, de la p\u00e0gina web institucional www.umh.es i de la plataforma de blogs multisitio basada en WordPress.<\/p>\n<p>Tot aix\u00f2 est\u00e0 basat en un comprom\u00eds de millora cont\u00ednua, adaptant-se a un entorn docent i investigador din\u00e0mic i millorant l&#8217;atenci\u00f3 a l&#8217;usuari mitjan\u00e7ant el comprom\u00eds i l&#8217;efici\u00e8ncia.<\/p>\n<p>\u00c9s per aix\u00f2 que ser\u00e0 un objectiu permanent l&#8217;aplicaci\u00f3 de les directrius en mat\u00e8ria de qualitat, establides pels \u00f2rgans de govern de la Universitat, aix\u00ed com el compliment dels objectius proposats a l&#8217;hora de definir estrat\u00e8gies d&#8217;aquest servei.<\/p>","protected":false},"excerpt":{"rendered":"<p>El\u00a0Servei d&#8217;Innovaci\u00f3 i Planificaci\u00f3 Tecnol\u00f2gica (SIPT), d&#8217;acord amb l&#8217;equip de govern de la Universitat Miguel Hern\u00e1ndez d&#8217;Elx, t\u00e9 com a objectiu fonamental satisfer les necessitats que t\u00e9 la comunitat universit\u00e0ria en els \u00e0mbits d&#8217;innovaci\u00f3, doc\u00e8ncia, investigaci\u00f3 i tractament i gesti\u00f3 de la informaci\u00f3.<br \/>\nAix\u00ed mateix, s&#8217;encarrega de secundar t\u00e8cnicament les convocat\u00f2ries de projectes d&#8217;innovaci\u00f3 docent, aportar [&#8230;]<\/p>\n","protected":false},"author":1159,"featured_media":0,"parent":0,"menu_order":0,"comment_status":"closed","ping_status":"closed","template":"","meta":{"_links_to":"","_links_to_target":""},"_links":{"self":[{"href":"https:\/\/sipt.umh.es\/ca\/wp-json\/wp\/v2\/pages\/3345"}],"collection":[{"href":"https:\/\/sipt.umh.es\/ca\/wp-json\/wp\/v2\/pages"}],"about":[{"href":"https:\/\/sipt.umh.es\/ca\/wp-json\/wp\/v2\/types\/page"}],"author":[{"embeddable":true,"href":"https:\/\/sipt.umh.es\/ca\/wp-json\/wp\/v2\/users\/1159"}],"replies":[{"embeddable":true,"href":"https:\/\/sipt.umh.es\/ca\/wp-json\/wp\/v2\/comments?post=3345"}],"version-history":[{"count":0,"href":"https:\/\/sipt.umh.es\/ca\/wp-json\/wp\/v2\/pages\/3345\/revisions"}],"wp:attachment":[{"href":"https:\/\/sipt.umh.es\/ca\/wp-json\/wp\/v2\/media?parent=3345"}],"curies":[{"name":"wp","href":"https:\/\/api.w.org\/{rel}","templated":true}]}}