{"id":1084,"date":"2012-06-08T08:29:17","date_gmt":"2012-06-08T08:29:17","guid":{"rendered":"http:\/\/si.umh.es\/gestion-de-identidades\/"},"modified":"2023-11-28T12:36:59","modified_gmt":"2023-11-28T11:36:59","slug":"gestion-de-identidades","status":"publish","type":"page","link":"https:\/\/sipt.umh.es\/ca\/servicios\/gestion-de-identidades\/","title":{"rendered":"Gesti\u00f3n de identidades"},"content":{"rendered":"<p class=\"qtranxs-available-languages-message qtranxs-available-languages-message-ca\">Ho sentim, aquesta entrada es troba disponible \u00fanicament en <a href=\"https:\/\/sipt.umh.es\/es\/wp-json\/wp\/v2\/pages\/1084\" class=\"qtranxs-available-language-link qtranxs-available-language-link-es\" title=\"Espa\u00f1ol\">Espanyol Europeu<\/a> i <a href=\"https:\/\/sipt.umh.es\/en\/wp-json\/wp\/v2\/pages\/1084\" class=\"qtranxs-available-language-link qtranxs-available-language-link-en\" title=\"English\">Angl\u00e8s Americ\u00e0<\/a>.<\/p>","protected":false},"excerpt":{"rendered":"<p>Ho sentim, aquesta entrada es troba disponible \u00fanicament en Espanyol Europeu i Angl\u00e8s Americ\u00e0.<\/p>\n","protected":false},"author":1159,"featured_media":0,"parent":3348,"menu_order":35,"comment_status":"closed","ping_status":"open","template":"","meta":{"_links_to":"","_links_to_target":""},"_links":{"self":[{"href":"https:\/\/sipt.umh.es\/ca\/wp-json\/wp\/v2\/pages\/1084"}],"collection":[{"href":"https:\/\/sipt.umh.es\/ca\/wp-json\/wp\/v2\/pages"}],"about":[{"href":"https:\/\/sipt.umh.es\/ca\/wp-json\/wp\/v2\/types\/page"}],"author":[{"embeddable":true,"href":"https:\/\/sipt.umh.es\/ca\/wp-json\/wp\/v2\/users\/1159"}],"replies":[{"embeddable":true,"href":"https:\/\/sipt.umh.es\/ca\/wp-json\/wp\/v2\/comments?post=1084"}],"version-history":[{"count":0,"href":"https:\/\/sipt.umh.es\/ca\/wp-json\/wp\/v2\/pages\/1084\/revisions"}],"up":[{"embeddable":true,"href":"https:\/\/sipt.umh.es\/ca\/wp-json\/wp\/v2\/pages\/3348"}],"wp:attachment":[{"href":"https:\/\/sipt.umh.es\/ca\/wp-json\/wp\/v2\/media?parent=1084"}],"curies":[{"name":"wp","href":"https:\/\/api.w.org\/{rel}","templated":true}]}}